{"id":17510,"date":"2023-03-20T13:03:05","date_gmt":"2023-03-20T12:03:05","guid":{"rendered":"https:\/\/skeikampenbooking.no\/?page_id=17510"},"modified":"2025-11-05T08:44:45","modified_gmt":"2025-11-05T07:44:45","slug":"skeikampen-aktivitaeten","status":"publish","type":"page","link":"https:\/\/skeikampenbooking.no\/?page_id=17510&lang=de","title":{"rendered":"Skeikampen Aktivit\u00e4ten"},"content":{"rendered":"\t\t<div data-elementor-type=\"wp-page\" data-elementor-id=\"17510\" class=\"elementor elementor-17510 elementor-5368\" data-elementor-post-type=\"page\">\n\t\t\t\t\t\t<section class=\"elementor-section elementor-top-section elementor-element elementor-element-be2ad50 elementor-section-boxed elementor-section-height-default elementor-section-height-default\" data-id=\"be2ad50\" data-element_type=\"section\" data-e-type=\"section\">\n\t\t\t\t\t\t<div class=\"elementor-container elementor-column-gap-default\">\n\t\t\t\t\t<div class=\"elementor-column elementor-col-100 elementor-top-column elementor-element elementor-element-aa563a5\" data-id=\"aa563a5\" data-element_type=\"column\" data-e-type=\"column\">\n\t\t\t<div class=\"elementor-widget-wrap elementor-element-populated\">\n\t\t\t\t\t\t<div class=\"elementor-element elementor-element-207e908 elementor-widget elementor-widget-text-editor\" data-id=\"207e908\" data-element_type=\"widget\" data-e-type=\"widget\" data-widget_type=\"text-editor.default\">\n\t\t\t\t<div class=\"elementor-widget-container\">\n\t\t\t\t\t\t\t\t\t<h2>Skeikampen ist das ganze Jahr \u00fcber ein beliebtes Urlaubsziel und hat eine Menge Aktivit\u00e4ten zu bieten.<\/h2><p>Auf der Seite des Reiseziels <strong><a href=\"https:\/\/visitskeikampen.no\/aktiviteter\/\" target=\"_blank\" rel=\"noopener\">VisitSkeikampen<\/a><\/strong>\u00a0werden die Aktivit\u00e4ten beschrieben, sowohl im Winter als auch im Sommer.<\/p><p><img fetchpriority=\"high\" decoding=\"async\" class=\"alignnone wp-image-17941 size-large\" src=\"https:\/\/skeikampenbooking.no\/wp-content\/uploads\/2024\/10\/Skeikampen_pistkarta_1.6.8_web3000px-1024x589.jpg\" alt=\"\" width=\"800\" height=\"460\" srcset=\"https:\/\/skeikampenbooking.no\/wp-content\/uploads\/2024\/10\/Skeikampen_pistkarta_1.6.8_web3000px-1024x589.jpg 1024w, https:\/\/skeikampenbooking.no\/wp-content\/uploads\/2024\/10\/Skeikampen_pistkarta_1.6.8_web3000px-300x173.jpg 300w, https:\/\/skeikampenbooking.no\/wp-content\/uploads\/2024\/10\/Skeikampen_pistkarta_1.6.8_web3000px-768x442.jpg 768w, https:\/\/skeikampenbooking.no\/wp-content\/uploads\/2024\/10\/Skeikampen_pistkarta_1.6.8_web3000px-1536x884.jpg 1536w, https:\/\/skeikampenbooking.no\/wp-content\/uploads\/2024\/10\/Skeikampen_pistkarta_1.6.8_web3000px-2048x1179.jpg 2048w\" sizes=\"(max-width: 800px) 100vw, 800px\" \/><\/p><h2>Skeikampen Sommeraktivit\u00e4ten<\/h2><p>Auf der Seite des Reiseziels <strong><a href=\"https:\/\/visitskeikampen.no\/aktiviteter\/\" target=\"_blank\" rel=\"noopener\">VisitSkeikampen<\/a><\/strong>\u00a0werden die Aktivit\u00e4ten beschrieben, sowohl im Sommer als auch im Winter.<\/p><h2><img decoding=\"async\" class=\"alignnone wp-image-17922 size-large\" src=\"https:\/\/skeikampenbooking.no\/wp-content\/uploads\/2024\/09\/Skeikampen_sommar_4.1_web3000px-1024x523.jpg\" alt=\"\" width=\"800\" height=\"409\" srcset=\"https:\/\/skeikampenbooking.no\/wp-content\/uploads\/2024\/09\/Skeikampen_sommar_4.1_web3000px-1024x523.jpg 1024w, https:\/\/skeikampenbooking.no\/wp-content\/uploads\/2024\/09\/Skeikampen_sommar_4.1_web3000px-300x153.jpg 300w, https:\/\/skeikampenbooking.no\/wp-content\/uploads\/2024\/09\/Skeikampen_sommar_4.1_web3000px-768x392.jpg 768w, https:\/\/skeikampenbooking.no\/wp-content\/uploads\/2024\/09\/Skeikampen_sommar_4.1_web3000px-1536x785.jpg 1536w, https:\/\/skeikampenbooking.no\/wp-content\/uploads\/2024\/09\/Skeikampen_sommar_4.1_web3000px-2048x1047.jpg 2048w\" sizes=\"(max-width: 800px) 100vw, 800px\" \/><\/h2><h2>Skeikampen Loipeninformation\u00a0 Winter<\/h2><p>Hier k\u00f6nnen Sie sehen, welche Loipen aktuell gespurt sind und wie lange es her ist, dass genau Ihre Loipe pr\u00e4pariert wurde.<\/p>\t\t\t\t\t\t\t\t<\/div>\n\t\t\t\t<\/div>\n\t\t\t\t\t<\/div>\n\t\t<\/div>\n\t\t\t\t\t<\/div>\n\t\t<\/section>\n\t\t\t\t<section class=\"elementor-section elementor-top-section elementor-element elementor-element-8ebb5bd elementor-section-boxed elementor-section-height-default elementor-section-height-default\" data-id=\"8ebb5bd\" data-element_type=\"section\" data-e-type=\"section\">\n\t\t\t\t\t\t<div class=\"elementor-container elementor-column-gap-default\">\n\t\t\t\t\t<div class=\"elementor-column elementor-col-100 elementor-top-column elementor-element elementor-element-0954864\" data-id=\"0954864\" data-element_type=\"column\" data-e-type=\"column\">\n\t\t\t<div class=\"elementor-widget-wrap elementor-element-populated\">\n\t\t\t\t\t\t<div class=\"elementor-element elementor-element-b72e906 elementor-widget elementor-widget-html\" data-id=\"b72e906\" data-element_type=\"widget\" data-e-type=\"widget\" data-widget_type=\"html.default\">\n\t\t\t\t<div class=\"elementor-widget-container\">\n\t\t\t\t\t<iframe src=\"https:\/\/www.loyper.net\/location\/skeikampen?lat=61.34787415417719&lng=9.981107696682898&zoom=11.0032480943142\" height=\"500\"><\/iframe>\t\t\t\t<\/div>\n\t\t\t\t<\/div>\n\t\t\t\t\t<\/div>\n\t\t<\/div>\n\t\t\t\t\t<\/div>\n\t\t<\/section>\n\t\t\t\t<\/div>\n\t\t","protected":false},"excerpt":{"rendered":"<p>Skeikampen ist das ganze Jahr \u00fcber ein beliebtes Urlaubsziel und hat eine Menge Aktivit\u00e4ten zu bieten. Auf der Seite des Reiseziels VisitSkeikampen\u00a0werden die Aktivit\u00e4ten beschrieben, sowohl im Winter als auch im Sommer. Skeikampen Sommeraktivit\u00e4ten Auf der Seite des Reiseziels VisitSkeikampen\u00a0werden die Aktivit\u00e4ten beschrieben, sowohl im Sommer als auch im Winter. Skeikampen Loipeninformation\u00a0 Winter Hier k\u00f6nnen [&hellip;]<\/p>\n","protected":false},"author":1,"featured_media":0,"parent":0,"menu_order":0,"comment_status":"closed","ping_status":"closed","template":"","meta":{"footnotes":""},"class_list":["post-17510","page","type-page","status-publish","hentry"],"yoast_head":"<!-- This site is optimized with the Yoast SEO plugin v27.0 - https:\/\/yoast.com\/product\/yoast-seo-wordpress\/ -->\n<title>Skeikampen Aktivit\u00e4ten - Skeikampen Booking<\/title>\n<meta name=\"robots\" content=\"index, follow, max-snippet:-1, max-image-preview:large, max-video-preview:-1\" \/>\n<link rel=\"canonical\" href=\"https:\/\/skeikampenbooking.no\/?page_id=17510\" \/>\n<meta property=\"og:locale\" content=\"nb_NO\" \/>\n<meta property=\"og:type\" content=\"article\" \/>\n<meta property=\"og:title\" content=\"Skeikampen Aktivit\u00e4ten - Skeikampen Booking\" \/>\n<meta property=\"og:description\" content=\"Skeikampen ist das ganze Jahr \u00fcber ein beliebtes Urlaubsziel und hat eine Menge Aktivit\u00e4ten zu bieten. Auf der Seite des Reiseziels VisitSkeikampen\u00a0werden die Aktivit\u00e4ten beschrieben, sowohl im Winter als auch im Sommer. Skeikampen Sommeraktivit\u00e4ten Auf der Seite des Reiseziels VisitSkeikampen\u00a0werden die Aktivit\u00e4ten beschrieben, sowohl im Sommer als auch im Winter. Skeikampen Loipeninformation\u00a0 Winter Hier k\u00f6nnen [&hellip;]\" \/>\n<meta property=\"og:url\" content=\"https:\/\/skeikampenbooking.no\/?page_id=17510&amp;lang=de\" \/>\n<meta property=\"og:site_name\" content=\"Skeikampen Booking\" \/>\n<meta property=\"article:publisher\" content=\"https:\/\/www.facebook.com\/skeikampenbooking\/\" \/>\n<meta property=\"article:modified_time\" content=\"2025-11-05T07:44:45+00:00\" \/>\n<meta property=\"og:image\" content=\"https:\/\/skeikampenbooking.no\/wp-content\/uploads\/2024\/10\/Skeikampen_pistkarta_1.6.8_web3000px-scaled.jpg\" \/>\n\t<meta property=\"og:image:width\" content=\"2560\" \/>\n\t<meta property=\"og:image:height\" content=\"1474\" \/>\n\t<meta property=\"og:image:type\" content=\"image\/jpeg\" \/>\n<meta name=\"twitter:card\" content=\"summary_large_image\" \/>\n<meta name=\"twitter:label1\" content=\"Ansl. lesetid\" \/>\n\t<meta name=\"twitter:data1\" content=\"1 minutt\" \/>\n<script type=\"application\/ld+json\" class=\"yoast-schema-graph\">{\"@context\":\"https:\/\/schema.org\",\"@graph\":[{\"@type\":\"WebPage\",\"@id\":\"https:\/\/skeikampenbooking.no\/?page_id=17510&lang=de\",\"url\":\"https:\/\/skeikampenbooking.no\/?page_id=17510&lang=de\",\"name\":\"Skeikampen Aktivit\u00e4ten - Skeikampen Booking\",\"isPartOf\":{\"@id\":\"https:\/\/skeikampenbooking.no\/#website\"},\"primaryImageOfPage\":{\"@id\":\"https:\/\/skeikampenbooking.no\/?page_id=17510&lang=de#primaryimage\"},\"image\":{\"@id\":\"https:\/\/skeikampenbooking.no\/?page_id=17510&lang=de#primaryimage\"},\"thumbnailUrl\":\"https:\/\/skeikampenbooking.no\/wp-content\/uploads\/2024\/10\/Skeikampen_pistkarta_1.6.8_web3000px-1024x589.jpg\",\"datePublished\":\"2023-03-20T12:03:05+00:00\",\"dateModified\":\"2025-11-05T07:44:45+00:00\",\"breadcrumb\":{\"@id\":\"https:\/\/skeikampenbooking.no\/?page_id=17510&lang=de#breadcrumb\"},\"inLanguage\":\"nb-NO\",\"potentialAction\":[{\"@type\":\"ReadAction\",\"target\":[\"https:\/\/skeikampenbooking.no\/?page_id=17510&lang=de\"]}]},{\"@type\":\"ImageObject\",\"inLanguage\":\"nb-NO\",\"@id\":\"https:\/\/skeikampenbooking.no\/?page_id=17510&lang=de#primaryimage\",\"url\":\"https:\/\/skeikampenbooking.no\/wp-content\/uploads\/2024\/10\/Skeikampen_pistkarta_1.6.8_web3000px-scaled.jpg\",\"contentUrl\":\"https:\/\/skeikampenbooking.no\/wp-content\/uploads\/2024\/10\/Skeikampen_pistkarta_1.6.8_web3000px-scaled.jpg\",\"width\":2560,\"height\":1474},{\"@type\":\"BreadcrumbList\",\"@id\":\"https:\/\/skeikampenbooking.no\/?page_id=17510&lang=de#breadcrumb\",\"itemListElement\":[{\"@type\":\"ListItem\",\"position\":1,\"name\":\"Hjem\",\"item\":\"https:\/\/skeikampenbooking.no\/\"},{\"@type\":\"ListItem\",\"position\":2,\"name\":\"Skeikampen Aktivit\u00e4ten\"}]},{\"@type\":\"WebSite\",\"@id\":\"https:\/\/skeikampenbooking.no\/#website\",\"url\":\"https:\/\/skeikampenbooking.no\/\",\"name\":\"Skeikampen Booking\",\"description\":\"\",\"publisher\":{\"@id\":\"https:\/\/skeikampenbooking.no\/#organization\"},\"potentialAction\":[{\"@type\":\"SearchAction\",\"target\":{\"@type\":\"EntryPoint\",\"urlTemplate\":\"https:\/\/skeikampenbooking.no\/?s={search_term_string}\"},\"query-input\":{\"@type\":\"PropertyValueSpecification\",\"valueRequired\":true,\"valueName\":\"search_term_string\"}}],\"inLanguage\":\"nb-NO\"},{\"@type\":\"Organization\",\"@id\":\"https:\/\/skeikampenbooking.no\/#organization\",\"name\":\"Skeikampen Booking\",\"url\":\"https:\/\/skeikampenbooking.no\/\",\"logo\":{\"@type\":\"ImageObject\",\"inLanguage\":\"nb-NO\",\"@id\":\"https:\/\/skeikampenbooking.no\/#\/schema\/logo\/image\/\",\"url\":\"https:\/\/skeikampenbooking.no\/wp-content\/uploads\/2023\/03\/skeikampen_booking_logo.png\",\"contentUrl\":\"https:\/\/skeikampenbooking.no\/wp-content\/uploads\/2023\/03\/skeikampen_booking_logo.png\",\"width\":930,\"height\":138,\"caption\":\"Skeikampen Booking\"},\"image\":{\"@id\":\"https:\/\/skeikampenbooking.no\/#\/schema\/logo\/image\/\"},\"sameAs\":[\"https:\/\/www.facebook.com\/skeikampenbooking\/\"]}]}<\/script>\n<!-- \/ Yoast SEO plugin. -->","yoast_head_json":{"title":"Skeikampen Aktivit\u00e4ten - Skeikampen Booking","robots":{"index":"index","follow":"follow","max-snippet":"max-snippet:-1","max-image-preview":"max-image-preview:large","max-video-preview":"max-video-preview:-1"},"canonical":"https:\/\/skeikampenbooking.no\/?page_id=17510","og_locale":"nb_NO","og_type":"article","og_title":"Skeikampen Aktivit\u00e4ten - Skeikampen Booking","og_description":"Skeikampen ist das ganze Jahr \u00fcber ein beliebtes Urlaubsziel und hat eine Menge Aktivit\u00e4ten zu bieten. Auf der Seite des Reiseziels VisitSkeikampen\u00a0werden die Aktivit\u00e4ten beschrieben, sowohl im Winter als auch im Sommer. Skeikampen Sommeraktivit\u00e4ten Auf der Seite des Reiseziels VisitSkeikampen\u00a0werden die Aktivit\u00e4ten beschrieben, sowohl im Sommer als auch im Winter. Skeikampen Loipeninformation\u00a0 Winter Hier k\u00f6nnen [&hellip;]","og_url":"https:\/\/skeikampenbooking.no\/?page_id=17510&lang=de","og_site_name":"Skeikampen Booking","article_publisher":"https:\/\/www.facebook.com\/skeikampenbooking\/","article_modified_time":"2025-11-05T07:44:45+00:00","og_image":[{"width":2560,"height":1474,"url":"https:\/\/skeikampenbooking.no\/wp-content\/uploads\/2024\/10\/Skeikampen_pistkarta_1.6.8_web3000px-scaled.jpg","type":"image\/jpeg"}],"twitter_card":"summary_large_image","twitter_misc":{"Ansl. lesetid":"1 minutt"},"schema":{"@context":"https:\/\/schema.org","@graph":[{"@type":"WebPage","@id":"https:\/\/skeikampenbooking.no\/?page_id=17510&lang=de","url":"https:\/\/skeikampenbooking.no\/?page_id=17510&lang=de","name":"Skeikampen Aktivit\u00e4ten - Skeikampen Booking","isPartOf":{"@id":"https:\/\/skeikampenbooking.no\/#website"},"primaryImageOfPage":{"@id":"https:\/\/skeikampenbooking.no\/?page_id=17510&lang=de#primaryimage"},"image":{"@id":"https:\/\/skeikampenbooking.no\/?page_id=17510&lang=de#primaryimage"},"thumbnailUrl":"https:\/\/skeikampenbooking.no\/wp-content\/uploads\/2024\/10\/Skeikampen_pistkarta_1.6.8_web3000px-1024x589.jpg","datePublished":"2023-03-20T12:03:05+00:00","dateModified":"2025-11-05T07:44:45+00:00","breadcrumb":{"@id":"https:\/\/skeikampenbooking.no\/?page_id=17510&lang=de#breadcrumb"},"inLanguage":"nb-NO","potentialAction":[{"@type":"ReadAction","target":["https:\/\/skeikampenbooking.no\/?page_id=17510&lang=de"]}]},{"@type":"ImageObject","inLanguage":"nb-NO","@id":"https:\/\/skeikampenbooking.no\/?page_id=17510&lang=de#primaryimage","url":"https:\/\/skeikampenbooking.no\/wp-content\/uploads\/2024\/10\/Skeikampen_pistkarta_1.6.8_web3000px-scaled.jpg","contentUrl":"https:\/\/skeikampenbooking.no\/wp-content\/uploads\/2024\/10\/Skeikampen_pistkarta_1.6.8_web3000px-scaled.jpg","width":2560,"height":1474},{"@type":"BreadcrumbList","@id":"https:\/\/skeikampenbooking.no\/?page_id=17510&lang=de#breadcrumb","itemListElement":[{"@type":"ListItem","position":1,"name":"Hjem","item":"https:\/\/skeikampenbooking.no\/"},{"@type":"ListItem","position":2,"name":"Skeikampen Aktivit\u00e4ten"}]},{"@type":"WebSite","@id":"https:\/\/skeikampenbooking.no\/#website","url":"https:\/\/skeikampenbooking.no\/","name":"Skeikampen Booking","description":"","publisher":{"@id":"https:\/\/skeikampenbooking.no\/#organization"},"potentialAction":[{"@type":"SearchAction","target":{"@type":"EntryPoint","urlTemplate":"https:\/\/skeikampenbooking.no\/?s={search_term_string}"},"query-input":{"@type":"PropertyValueSpecification","valueRequired":true,"valueName":"search_term_string"}}],"inLanguage":"nb-NO"},{"@type":"Organization","@id":"https:\/\/skeikampenbooking.no\/#organization","name":"Skeikampen Booking","url":"https:\/\/skeikampenbooking.no\/","logo":{"@type":"ImageObject","inLanguage":"nb-NO","@id":"https:\/\/skeikampenbooking.no\/#\/schema\/logo\/image\/","url":"https:\/\/skeikampenbooking.no\/wp-content\/uploads\/2023\/03\/skeikampen_booking_logo.png","contentUrl":"https:\/\/skeikampenbooking.no\/wp-content\/uploads\/2023\/03\/skeikampen_booking_logo.png","width":930,"height":138,"caption":"Skeikampen Booking"},"image":{"@id":"https:\/\/skeikampenbooking.no\/#\/schema\/logo\/image\/"},"sameAs":["https:\/\/www.facebook.com\/skeikampenbooking\/"]}]}},"_links":{"self":[{"href":"https:\/\/skeikampenbooking.no\/index.php?rest_route=\/wp\/v2\/pages\/17510","targetHints":{"allow":["GET"]}}],"collection":[{"href":"https:\/\/skeikampenbooking.no\/index.php?rest_route=\/wp\/v2\/pages"}],"about":[{"href":"https:\/\/skeikampenbooking.no\/index.php?rest_route=\/wp\/v2\/types\/page"}],"author":[{"embeddable":true,"href":"https:\/\/skeikampenbooking.no\/index.php?rest_route=\/wp\/v2\/users\/1"}],"replies":[{"embeddable":true,"href":"https:\/\/skeikampenbooking.no\/index.php?rest_route=%2Fwp%2Fv2%2Fcomments&post=17510"}],"version-history":[{"count":13,"href":"https:\/\/skeikampenbooking.no\/index.php?rest_route=\/wp\/v2\/pages\/17510\/revisions"}],"predecessor-version":[{"id":18180,"href":"https:\/\/skeikampenbooking.no\/index.php?rest_route=\/wp\/v2\/pages\/17510\/revisions\/18180"}],"wp:attachment":[{"href":"https:\/\/skeikampenbooking.no\/index.php?rest_route=%2Fwp%2Fv2%2Fmedia&parent=17510"}],"curies":[{"name":"wp","href":"https:\/\/api.w.org\/{rel}","templated":true}]}}